{"id":30536,"date":"2025-09-23T18:47:10","date_gmt":"2025-09-23T18:47:10","guid":{"rendered":"https:\/\/igf-formation.ca\/certificates\/"},"modified":"2026-04-22T19:26:34","modified_gmt":"2026-04-22T19:26:34","slug":"certificates","status":"publish","type":"page","link":"https:\/\/igf-formation.ca\/fr\/certificates\/","title":{"rendered":"Certificates &#038; Course Accreditation"},"content":{"rendered":"\t\t<div data-elementor-type=\"wp-page\" data-elementor-id=\"30536\" class=\"elementor elementor-30536\">\n\t\t\t\t<div class=\"wd-negative-gap elementor-element elementor-element-9b2f665 e-flex e-con-boxed e-con e-parent\" data-id=\"9b2f665\" data-element_type=\"container\" data-e-type=\"container\">\n\t\t\t\t\t<div class=\"e-con-inner\">\n\t\t<div class=\"elementor-element elementor-element-54db6b3 e-con-full e-flex elementor-invisible e-con e-child\" data-id=\"54db6b3\" data-element_type=\"container\" data-e-type=\"container\" data-settings=\"{&quot;animation&quot;:&quot;fadeInLeft&quot;,&quot;animation_delay&quot;:200}\">\n\t\t\t\t<div class=\"elementor-element elementor-element-6deb3f2 elementor-widget__width-initial elementor-widget-tablet__width-inherit wd-width-100 elementor-widget elementor-widget-wd_title\" data-id=\"6deb3f2\" data-element_type=\"widget\" data-e-type=\"widget\" data-widget_type=\"wd_title.default\">\n\t\t\t\t<div class=\"elementor-widget-container\">\n\t\t\t\t\t\t\t<div class=\"title-wrapper wd-set-mb reset-last-child wd-title-color-primary wd-title-style-default wd-title-size-large text-left\">\n\n\t\t\t\n\t\t\t<div class=\"liner-continer\">\n\t\t\t\t<h4 class=\"woodmart-title-container title wd-fontsize-xxl\">Certificats &amp; accr\u00e9ditation des cours<\/h4> \n\t\t\t\t\t\t\t<\/div>\n\n\t\t\t\t\t<\/div>\n\t\t\t\t\t\t<\/div>\n\t\t\t\t<\/div>\n\t\t\t\t<div class=\"elementor-element elementor-element-7c70ade color-scheme-inherit text-left elementor-widget elementor-widget-text-editor\" data-id=\"7c70ade\" data-element_type=\"widget\" data-e-type=\"widget\" data-widget_type=\"text-editor.default\">\n\t\t\t\t\t\t\t\t\t<p>\u00c0 la fin de chaque programme de formation, les participants qui assistent et r\u00e9ussissent l\u2019\u00e9valuation finale re\u00e7oivent un certificat officiel de fin de cours d\u00e9livr\u00e9 par IGF.<\/p><p>Ces certificats sont formellement reconnus par le Gouvernement du Qu\u00e9bec dans le cadre de la formation continue reconnue. Cela signifie:<\/p>\t\t\t\t\t\t\t\t<\/div>\n\t\t\t\t<div class=\"elementor-element elementor-element-7f6ac86 elementor-widget elementor-widget-wd_list\" data-id=\"7f6ac86\" data-element_type=\"widget\" data-e-type=\"widget\" data-widget_type=\"wd_list.default\">\n\t\t\t\t<div class=\"elementor-widget-container\">\n\t\t\t\t\t\t\t<ul class=\"wd-list color-scheme-custom wd-fontsize-xs wd-type-icon wd-style-default text-left\">\n\t\t\t\t\t\t\t\t\t\t\t<li class=\"elementor-repeater-item-b0c0f43\">\n\t\t\t\t\t\t\t\t\t\t\t<span class=\"wd-icon\"><svg class=\"e-font-icon-svg e-fas-check-circle\" viewBox=\"0 0 512 512\" xmlns=\"http:\/\/www.w3.org\/2000\/svg\"><path d=\"M504 256c0 136.967-111.033 248-248 248S8 392.967 8 256 119.033 8 256 8s248 111.033 248 248zM227.314 387.314l184-184c6.248-6.248 6.248-16.379 0-22.627l-22.627-22.627c-6.248-6.249-16.379-6.249-22.628 0L216 308.118l-70.059-70.059c-6.248-6.248-16.379-6.248-22.628 0l-22.627 22.627c-6.248 6.248-6.248 16.379 0 22.627l104 104c6.249 6.249 16.379 6.249 22.628.001z\"><\/path><\/svg><\/span>\t\t\t\t\t\n\t\t\t\t\t<span class=\"wd-list-content list-content\">\n\t\t\t\t\t\t\t\t\t\t\t\t\tLes entreprises peuvent r\u00e9clamer les frais de formation dans le cadre des cr\u00e9dits d\u2019imp\u00f4t ou subventions pour la formation corporative au Qu\u00e9bec.\t\t\t\t\t\t\t\t\t\t\t<\/span>\n\t\t\t\t<\/li>\n\t\t\t\t\t\t\t\t\t\t\t<li class=\"elementor-repeater-item-1259109\">\n\t\t\t\t\t\t\t\t\t\t\t<span class=\"wd-icon\"><svg class=\"e-font-icon-svg e-fas-check-circle\" viewBox=\"0 0 512 512\" xmlns=\"http:\/\/www.w3.org\/2000\/svg\"><path d=\"M504 256c0 136.967-111.033 248-248 248S8 392.967 8 256 119.033 8 256 8s248 111.033 248 248zM227.314 387.314l184-184c6.248-6.248 6.248-16.379 0-22.627l-22.627-22.627c-6.248-6.249-16.379-6.249-22.628 0L216 308.118l-70.059-70.059c-6.248-6.248-16.379-6.248-22.628 0l-22.627 22.627c-6.248 6.248-6.248 16.379 0 22.627l104 104c6.249 6.249 16.379 6.249 22.628.001z\"><\/path><\/svg><\/span>\t\t\t\t\t\n\t\t\t\t\t<span class=\"wd-list-content list-content\">\n\t\t\t\t\t\t\t\t\t\t\t\t\tLes certificats sont valables pour l\u2019avancement professionnel, l\u2019am\u00e9lioration du CV, la conformit\u00e9 r\u00e9glementaire et la reconnaissance acad\u00e9mique.\t\t\t\t\t\t\t\t\t\t\t<\/span>\n\t\t\t\t<\/li>\n\t\t\t\t\t\t\t\t\t\t\t<li class=\"elementor-repeater-item-8d34228\">\n\t\t\t\t\t\t\t\t\t\t\t<span class=\"wd-icon\"><svg class=\"e-font-icon-svg e-fas-check-circle\" viewBox=\"0 0 512 512\" xmlns=\"http:\/\/www.w3.org\/2000\/svg\"><path d=\"M504 256c0 136.967-111.033 248-248 248S8 392.967 8 256 119.033 8 256 8s248 111.033 248 248zM227.314 387.314l184-184c6.248-6.248 6.248-16.379 0-22.627l-22.627-22.627c-6.248-6.249-16.379-6.249-22.628 0L216 308.118l-70.059-70.059c-6.248-6.248-16.379-6.248-22.628 0l-22.627 22.627c-6.248 6.248-6.248 16.379 0 22.627l104 104c6.249 6.249 16.379 6.249 22.628.001z\"><\/path><\/svg><\/span>\t\t\t\t\t\n\t\t\t\t\t<span class=\"wd-list-content list-content\">\n\t\t\t\t\t\t\t\t\t\t\t\t\tLes employeurs peuvent les utiliser pour d\u00e9montrer le d\u00e9veloppement continu des employ\u00e9s aupr\u00e8s des auditeurs, clients ou partenaires industriels.\t\t\t\t\t\t\t\t\t\t\t<\/span>\n\t\t\t\t<\/li>\n\t\t\t\t\t<\/ul>\n\n\t\t\t\t\t\t<\/div>\n\t\t\t\t<\/div>\n\t\t\t\t<div class=\"elementor-element elementor-element-114e24e color-scheme-inherit text-left elementor-widget elementor-widget-text-editor\" data-id=\"114e24e\" data-element_type=\"widget\" data-e-type=\"widget\" data-widget_type=\"text-editor.default\">\n\t\t\t\t\t\t\t\t\t<p>Tous les programmes IGF suivent des structures officielles reconnues par Emploi-Qu\u00e9bec et le Minist\u00e8re de l\u2019\u00c9ducation. En tant qu\u2019institution certifi\u00e9e, IGF op\u00e8re dans le cadre officiel de la formation professionnelle de la province.<\/p>\t\t\t\t\t\t\t\t<\/div>\n\t\t\t\t<\/div>\n\t\t<div class=\"elementor-element elementor-element-3c5202e e-con-full e-flex elementor-invisible e-con e-child\" data-id=\"3c5202e\" data-element_type=\"container\" data-e-type=\"container\" data-settings=\"{&quot;animation&quot;:&quot;fadeInRight&quot;,&quot;animation_delay&quot;:200}\">\n\t\t\t\t<div class=\"elementor-element elementor-element-becae5d elementor-pagination-position-inside elementor-arrows-position-inside elementor-widget elementor-widget-image-carousel\" data-id=\"becae5d\" data-element_type=\"widget\" data-e-type=\"widget\" data-settings=\"{&quot;slides_to_show&quot;:&quot;1&quot;,&quot;navigation&quot;:&quot;both&quot;,&quot;autoplay&quot;:&quot;yes&quot;,&quot;pause_on_hover&quot;:&quot;yes&quot;,&quot;pause_on_interaction&quot;:&quot;yes&quot;,&quot;autoplay_speed&quot;:5000,&quot;infinite&quot;:&quot;yes&quot;,&quot;effect&quot;:&quot;slide&quot;,&quot;speed&quot;:500}\" data-widget_type=\"image-carousel.default\">\n\t\t\t\t\t\t\t<div class=\"elementor-image-carousel-wrapper swiper\" role=\"region\" aria-roledescription=\"carousel\" aria-label=\"Image Carousel\" dir=\"ltr\">\n\t\t\t<div class=\"elementor-image-carousel swiper-wrapper\" aria-live=\"off\">\n\t\t\t\t\t\t\t\t<div class=\"swiper-slide\" role=\"group\" aria-roledescription=\"slide\" aria-label=\"1 sur 2\"><figure class=\"swiper-slide-inner\"><img decoding=\"async\" class=\"swiper-slide-image\" src=\"https:\/\/igf-formation.ca\/wp-content\/uploads\/2025\/11\/certificate-1.webp\" alt=\"certificate-1\" \/><\/figure><\/div><div class=\"swiper-slide\" role=\"group\" aria-roledescription=\"slide\" aria-label=\"2 sur 2\"><figure class=\"swiper-slide-inner\"><img decoding=\"async\" class=\"swiper-slide-image\" src=\"https:\/\/igf-formation.ca\/wp-content\/uploads\/2025\/11\/certificate-2.webp\" alt=\"certificate-2\" \/><\/figure><\/div>\t\t\t<\/div>\n\t\t\t\t\t\t\t\t\t\t\t\t<div class=\"elementor-swiper-button elementor-swiper-button-prev\" role=\"button\" tabindex=\"0\">\n\t\t\t\t\t\t<svg aria-hidden=\"true\" class=\"e-font-icon-svg e-eicon-chevron-left\" viewBox=\"0 0 1000 1000\" xmlns=\"http:\/\/www.w3.org\/2000\/svg\"><path d=\"M646 125C629 125 613 133 604 142L308 442C296 454 292 471 292 487 292 504 296 521 308 533L604 854C617 867 629 875 646 875 663 875 679 871 692 858 704 846 713 829 713 812 713 796 708 779 692 767L438 487 692 225C700 217 708 204 708 187 708 171 704 154 692 142 675 129 663 125 646 125Z\"><\/path><\/svg>\t\t\t\t\t<\/div>\n\t\t\t\t\t<div class=\"elementor-swiper-button elementor-swiper-button-next\" role=\"button\" tabindex=\"0\">\n\t\t\t\t\t\t<svg aria-hidden=\"true\" class=\"e-font-icon-svg e-eicon-chevron-right\" viewBox=\"0 0 1000 1000\" xmlns=\"http:\/\/www.w3.org\/2000\/svg\"><path d=\"M696 533C708 521 713 504 713 487 713 471 708 454 696 446L400 146C388 133 375 125 354 125 338 125 325 129 313 142 300 154 292 171 292 187 292 204 296 221 308 233L563 492 304 771C292 783 288 800 288 817 288 833 296 850 308 863 321 871 338 875 354 875 371 875 388 867 400 854L696 533Z\"><\/path><\/svg>\t\t\t\t\t<\/div>\n\t\t\t\t\n\t\t\t\t\t\t\t\t\t<div class=\"swiper-pagination\"><\/div>\n\t\t\t\t\t\t\t\t\t<\/div>\n\t\t\t\t\t\t<\/div>\n\t\t\t\t<\/div>\n\t\t\t\t\t<\/div>\n\t\t\t\t<\/div>\n\t\t\t\t<\/div>\n\t\t","protected":false},"excerpt":{"rendered":"<p>Certificats &amp; accr\u00e9ditation des cours \u00c0 la fin de chaque programme de formation, les participants qui assistent et r\u00e9ussissent l\u2019\u00e9valuation<\/p>\n","protected":false},"author":1,"featured_media":0,"parent":0,"menu_order":0,"comment_status":"closed","ping_status":"closed","template":"","meta":{"_acf_changed":false,"footnotes":""},"class_list":["post-30536","page","type-page","status-publish","hentry"],"acf":[],"yoast_head":"<!-- This site is optimized with the Yoast SEO plugin v27.3 - https:\/\/yoast.com\/product\/yoast-seo-wordpress\/ -->\n<title>Certificates &amp; Course Accreditation - IGF<\/title>\n<meta name=\"robots\" content=\"index, follow, max-snippet:-1, max-image-preview:large, max-video-preview:-1\" \/>\n<link rel=\"canonical\" href=\"https:\/\/igf-formation.ca\/fr\/certificates\/\" \/>\n<meta property=\"og:locale\" content=\"fr_FR\" \/>\n<meta property=\"og:type\" content=\"article\" \/>\n<meta property=\"og:title\" content=\"Certificates &amp; Course Accreditation - IGF\" \/>\n<meta property=\"og:description\" content=\"Certificats &amp; accr\u00e9ditation des cours \u00c0 la fin de chaque programme de formation, les participants qui assistent et r\u00e9ussissent l\u2019\u00e9valuation\" \/>\n<meta property=\"og:url\" content=\"https:\/\/igf-formation.ca\/fr\/certificates\/\" \/>\n<meta property=\"og:site_name\" content=\"IGF\" \/>\n<meta property=\"article:modified_time\" content=\"2026-04-22T19:26:34+00:00\" \/>\n<meta property=\"og:image\" content=\"https:\/\/igf-formation.ca\/wp-content\/uploads\/2025\/11\/certificate-1.webp\" \/>\n<meta name=\"twitter:card\" content=\"summary_large_image\" \/>\n<script type=\"application\/ld+json\" class=\"yoast-schema-graph\">{\"@context\":\"https:\\\/\\\/schema.org\",\"@graph\":[{\"@type\":\"WebPage\",\"@id\":\"https:\\\/\\\/igf-formation.ca\\\/fr\\\/certificates\\\/\",\"url\":\"https:\\\/\\\/igf-formation.ca\\\/fr\\\/certificates\\\/\",\"name\":\"Certificates & Course Accreditation - IGF\",\"isPartOf\":{\"@id\":\"https:\\\/\\\/igf-formation.ca\\\/fr\\\/#website\"},\"primaryImageOfPage\":{\"@id\":\"https:\\\/\\\/igf-formation.ca\\\/fr\\\/certificates\\\/#primaryimage\"},\"image\":{\"@id\":\"https:\\\/\\\/igf-formation.ca\\\/fr\\\/certificates\\\/#primaryimage\"},\"thumbnailUrl\":\"https:\\\/\\\/igf-formation.ca\\\/wp-content\\\/uploads\\\/2025\\\/11\\\/certificate-1.webp\",\"datePublished\":\"2025-09-23T18:47:10+00:00\",\"dateModified\":\"2026-04-22T19:26:34+00:00\",\"breadcrumb\":{\"@id\":\"https:\\\/\\\/igf-formation.ca\\\/fr\\\/certificates\\\/#breadcrumb\"},\"inLanguage\":\"fr-FR\",\"potentialAction\":[{\"@type\":\"ReadAction\",\"target\":[\"https:\\\/\\\/igf-formation.ca\\\/fr\\\/certificates\\\/\"]}]},{\"@type\":\"ImageObject\",\"inLanguage\":\"fr-FR\",\"@id\":\"https:\\\/\\\/igf-formation.ca\\\/fr\\\/certificates\\\/#primaryimage\",\"url\":\"https:\\\/\\\/igf-formation.ca\\\/wp-content\\\/uploads\\\/2025\\\/11\\\/certificate-1.webp\",\"contentUrl\":\"https:\\\/\\\/igf-formation.ca\\\/wp-content\\\/uploads\\\/2025\\\/11\\\/certificate-1.webp\"},{\"@type\":\"BreadcrumbList\",\"@id\":\"https:\\\/\\\/igf-formation.ca\\\/fr\\\/certificates\\\/#breadcrumb\",\"itemListElement\":[{\"@type\":\"ListItem\",\"position\":1,\"name\":\"Home\",\"item\":\"https:\\\/\\\/igf-formation.ca\\\/fr\\\/\"},{\"@type\":\"ListItem\",\"position\":2,\"name\":\"Certificates &#038; Course Accreditation\"}]},{\"@type\":\"WebSite\",\"@id\":\"https:\\\/\\\/igf-formation.ca\\\/fr\\\/#website\",\"url\":\"https:\\\/\\\/igf-formation.ca\\\/fr\\\/\",\"name\":\"IGF\",\"description\":\"\",\"potentialAction\":[{\"@type\":\"SearchAction\",\"target\":{\"@type\":\"EntryPoint\",\"urlTemplate\":\"https:\\\/\\\/igf-formation.ca\\\/fr\\\/?s={search_term_string}\"},\"query-input\":{\"@type\":\"PropertyValueSpecification\",\"valueRequired\":true,\"valueName\":\"search_term_string\"}}],\"inLanguage\":\"fr-FR\"}]}<\/script>\n<!-- \/ Yoast SEO plugin. -->","yoast_head_json":{"title":"Certificates & Course Accreditation - IGF","robots":{"index":"index","follow":"follow","max-snippet":"max-snippet:-1","max-image-preview":"max-image-preview:large","max-video-preview":"max-video-preview:-1"},"canonical":"https:\/\/igf-formation.ca\/fr\/certificates\/","og_locale":"fr_FR","og_type":"article","og_title":"Certificates & Course Accreditation - IGF","og_description":"Certificats &amp; accr\u00e9ditation des cours \u00c0 la fin de chaque programme de formation, les participants qui assistent et r\u00e9ussissent l\u2019\u00e9valuation","og_url":"https:\/\/igf-formation.ca\/fr\/certificates\/","og_site_name":"IGF","article_modified_time":"2026-04-22T19:26:34+00:00","og_image":[{"url":"https:\/\/igf-formation.ca\/wp-content\/uploads\/2025\/11\/certificate-1.webp","type":"","width":"","height":""}],"twitter_card":"summary_large_image","schema":{"@context":"https:\/\/schema.org","@graph":[{"@type":"WebPage","@id":"https:\/\/igf-formation.ca\/fr\/certificates\/","url":"https:\/\/igf-formation.ca\/fr\/certificates\/","name":"Certificates & Course Accreditation - IGF","isPartOf":{"@id":"https:\/\/igf-formation.ca\/fr\/#website"},"primaryImageOfPage":{"@id":"https:\/\/igf-formation.ca\/fr\/certificates\/#primaryimage"},"image":{"@id":"https:\/\/igf-formation.ca\/fr\/certificates\/#primaryimage"},"thumbnailUrl":"https:\/\/igf-formation.ca\/wp-content\/uploads\/2025\/11\/certificate-1.webp","datePublished":"2025-09-23T18:47:10+00:00","dateModified":"2026-04-22T19:26:34+00:00","breadcrumb":{"@id":"https:\/\/igf-formation.ca\/fr\/certificates\/#breadcrumb"},"inLanguage":"fr-FR","potentialAction":[{"@type":"ReadAction","target":["https:\/\/igf-formation.ca\/fr\/certificates\/"]}]},{"@type":"ImageObject","inLanguage":"fr-FR","@id":"https:\/\/igf-formation.ca\/fr\/certificates\/#primaryimage","url":"https:\/\/igf-formation.ca\/wp-content\/uploads\/2025\/11\/certificate-1.webp","contentUrl":"https:\/\/igf-formation.ca\/wp-content\/uploads\/2025\/11\/certificate-1.webp"},{"@type":"BreadcrumbList","@id":"https:\/\/igf-formation.ca\/fr\/certificates\/#breadcrumb","itemListElement":[{"@type":"ListItem","position":1,"name":"Home","item":"https:\/\/igf-formation.ca\/fr\/"},{"@type":"ListItem","position":2,"name":"Certificates &#038; Course Accreditation"}]},{"@type":"WebSite","@id":"https:\/\/igf-formation.ca\/fr\/#website","url":"https:\/\/igf-formation.ca\/fr\/","name":"IGF","description":"","potentialAction":[{"@type":"SearchAction","target":{"@type":"EntryPoint","urlTemplate":"https:\/\/igf-formation.ca\/fr\/?s={search_term_string}"},"query-input":{"@type":"PropertyValueSpecification","valueRequired":true,"valueName":"search_term_string"}}],"inLanguage":"fr-FR"}]}},"_links":{"self":[{"href":"https:\/\/igf-formation.ca\/fr\/wp-json\/wp\/v2\/pages\/30536","targetHints":{"allow":["GET"]}}],"collection":[{"href":"https:\/\/igf-formation.ca\/fr\/wp-json\/wp\/v2\/pages"}],"about":[{"href":"https:\/\/igf-formation.ca\/fr\/wp-json\/wp\/v2\/types\/page"}],"author":[{"embeddable":true,"href":"https:\/\/igf-formation.ca\/fr\/wp-json\/wp\/v2\/users\/1"}],"replies":[{"embeddable":true,"href":"https:\/\/igf-formation.ca\/fr\/wp-json\/wp\/v2\/comments?post=30536"}],"version-history":[{"count":37,"href":"https:\/\/igf-formation.ca\/fr\/wp-json\/wp\/v2\/pages\/30536\/revisions"}],"predecessor-version":[{"id":31299,"href":"https:\/\/igf-formation.ca\/fr\/wp-json\/wp\/v2\/pages\/30536\/revisions\/31299"}],"wp:attachment":[{"href":"https:\/\/igf-formation.ca\/fr\/wp-json\/wp\/v2\/media?parent=30536"}],"curies":[{"name":"wp","href":"https:\/\/api.w.org\/{rel}","templated":true}]}}