{"id":30577,"date":"2021-10-12T15:51:09","date_gmt":"2021-10-12T15:51:09","guid":{"rendered":"https:\/\/igf-formation.ca\/about\/"},"modified":"2026-04-22T19:32:03","modified_gmt":"2026-04-22T19:32:03","slug":"about","status":"publish","type":"page","link":"https:\/\/igf-formation.ca\/fr\/about\/","title":{"rendered":"\u00c0 Propos d\u2019IGF"},"content":{"rendered":"\t\t<div data-elementor-type=\"wp-page\" data-elementor-id=\"30577\" class=\"elementor elementor-30577\">\n\t\t\t\t<div class=\"wd-negative-gap elementor-element elementor-element-7c7c544 e-flex e-con-boxed e-con e-parent\" data-id=\"7c7c544\" data-element_type=\"container\" data-e-type=\"container\">\n\t\t\t\t\t<div class=\"e-con-inner\">\n\t\t<div class=\"elementor-element elementor-element-e7cb5cd e-con-full e-flex elementor-invisible e-con e-child\" data-id=\"e7cb5cd\" data-element_type=\"container\" data-e-type=\"container\" data-settings=\"{&quot;animation&quot;:&quot;fadeInLeft&quot;,&quot;animation_delay&quot;:200}\">\n\t\t\t\t<div class=\"elementor-element elementor-element-aa3f4d8 elementor-widget elementor-widget-image\" data-id=\"aa3f4d8\" data-element_type=\"widget\" data-e-type=\"widget\" data-widget_type=\"image.default\">\n\t\t\t\t\t\t\t\t\t\t\t\t\t\t\t<img loading=\"lazy\" decoding=\"async\" width=\"1000\" height=\"862\" src=\"https:\/\/igf-formation.ca\/wp-content\/uploads\/2025\/11\/about-us.webp\" class=\"attachment-full size-full wp-image-29667\" alt=\"about us\" srcset=\"https:\/\/igf-formation.ca\/wp-content\/uploads\/2025\/11\/about-us.webp 1000w, https:\/\/igf-formation.ca\/wp-content\/uploads\/2025\/11\/about-us-348x300.webp 348w, https:\/\/igf-formation.ca\/wp-content\/uploads\/2025\/11\/about-us-928x800.webp 928w, https:\/\/igf-formation.ca\/wp-content\/uploads\/2025\/11\/about-us-768x662.webp 768w, https:\/\/igf-formation.ca\/wp-content\/uploads\/2025\/11\/about-us-430x371.webp 430w, https:\/\/igf-formation.ca\/wp-content\/uploads\/2025\/11\/about-us-700x603.webp 700w, https:\/\/igf-formation.ca\/wp-content\/uploads\/2025\/11\/about-us-150x129.webp 150w\" sizes=\"auto, (max-width: 1000px) 100vw, 1000px\" \/>\t\t\t\t\t\t\t\t\t\t\t\t\t\t\t<\/div>\n\t\t\t\t<\/div>\n\t\t<div class=\"elementor-element elementor-element-97d6084 e-con-full e-flex elementor-invisible e-con e-child\" data-id=\"97d6084\" data-element_type=\"container\" data-e-type=\"container\" data-settings=\"{&quot;animation&quot;:&quot;fadeInRight&quot;,&quot;animation_delay&quot;:200}\">\n\t\t\t\t<div class=\"elementor-element elementor-element-1921157 elementor-widget__width-initial elementor-widget-tablet__width-inherit wd-width-100 elementor-widget elementor-widget-wd_title\" data-id=\"1921157\" data-element_type=\"widget\" data-e-type=\"widget\" data-widget_type=\"wd_title.default\">\n\t\t\t\t<div class=\"elementor-widget-container\">\n\t\t\t\t\t\t\t<div class=\"title-wrapper wd-set-mb reset-last-child wd-title-color-primary wd-title-style-default wd-title-size-large text-left\">\n\n\t\t\t\n\t\t\t<div class=\"liner-continer\">\n\t\t\t\t<h4 class=\"woodmart-title-container title wd-fontsize-xxl\">\u00c0 propos d\u2019IGF<\/h4> \n\t\t\t\t\t\t\t<\/div>\n\n\t\t\t\t\t<\/div>\n\t\t\t\t\t\t<\/div>\n\t\t\t\t<\/div>\n\t\t\t\t<div class=\"elementor-element elementor-element-3a53438 color-scheme-inherit text-left elementor-widget elementor-widget-text-editor\" data-id=\"3a53438\" data-element_type=\"widget\" data-e-type=\"widget\" data-widget_type=\"text-editor.default\">\n\t\t\t\t\t\t\t\t\t<p><strong>\u00c0 propos d\u2019IGF<\/strong><br \/>IGF (Institut de G\u00e9nie Formation) est un institut de formation professionnelle sp\u00e9cialis\u00e9 en ing\u00e9nierie et m\u00e9trologie. Fond\u00e9 par le Dr Mojtaba Kamali Nejad, professeur exp\u00e9riment\u00e9 et praticien industriel, IGF est officiellement certifi\u00e9 et propose \u00e0 la fois <strong>des formations techniques<\/strong> et du <strong>conseil industriel<\/strong> pour les techniciens, ing\u00e9nieurs et travailleurs qualifi\u00e9s.<\/p><p>Notre approche repose sur la <strong>combinaison de connaissances de pointe et de pratique concr\u00e8te<\/strong>. Contrairement aux programmes th\u00e9oriques classiques, nos cours sont <strong>personnalis\u00e9s pour r\u00e9pondre aux besoins r\u00e9els de l\u2019industrie<\/strong>. Ainsi, les participants acqui\u00e8rent des comp\u00e9tences qu\u2019ils peuvent <strong>appliquer imm\u00e9diatement dans leur environnement professionnel<\/strong>.<\/p>\t\t\t\t\t\t\t\t<\/div>\n\t\t\t\t<div class=\"elementor-element elementor-element-5d0dd8a elementor-widget elementor-widget-heading\" data-id=\"5d0dd8a\" data-element_type=\"widget\" data-e-type=\"widget\" data-widget_type=\"heading.default\">\n\t\t\t\t\t<h2 class=\"elementor-heading-title elementor-size-default\">Nos objectifs:<\/h2>\t\t\t\t<\/div>\n\t\t\t\t<div class=\"elementor-element elementor-element-17d8d58 color-scheme-inherit text-left elementor-widget elementor-widget-text-editor\" data-id=\"17d8d58\" data-element_type=\"widget\" data-e-type=\"widget\" data-widget_type=\"text-editor.default\">\n\t\t\t\t\t\t\t\t\t<p>\u00c9lever les comp\u00e9tences techniques dans l\u2019industrie, r\u00e9duire les erreurs humaines, am\u00e9liorer la pr\u00e9cision des mesures et de la conception, et \u00e9tendre l\u2019\u00e9ducation sp\u00e9cialis\u00e9e au-del\u00e0 de l\u2019ing\u00e9nierie m\u00e9canique.<\/p>\t\t\t\t\t\t\t\t<\/div>\n\t\t\t\t<\/div>\n\t\t\t\t\t<\/div>\n\t\t\t\t<\/div>\n\t\t<div class=\"wd-negative-gap elementor-element elementor-element-f402c55 wd-section-stretch e-flex e-con-boxed elementor-invisible e-con e-parent\" data-id=\"f402c55\" data-element_type=\"container\" data-e-type=\"container\" data-settings=\"{&quot;background_background&quot;:&quot;classic&quot;,&quot;animation&quot;:&quot;fadeInUp&quot;,&quot;animation_delay&quot;:200}\">\n\t\t\t\t\t<div class=\"e-con-inner\">\n\t\t<div class=\"elementor-element elementor-element-47a76fb e-grid e-con-full e-con e-child\" data-id=\"47a76fb\" data-element_type=\"container\" data-e-type=\"container\">\n\t\t\t\t<div class=\"elementor-element elementor-element-37a2010 elementor-widget__width-initial elementor-widget-tablet__width-inherit wd-width-100 elementor-widget elementor-widget-wd_title\" data-id=\"37a2010\" data-element_type=\"widget\" data-e-type=\"widget\" data-widget_type=\"wd_title.default\">\n\t\t\t\t<div class=\"elementor-widget-container\">\n\t\t\t\t\t\t\t<div class=\"title-wrapper wd-set-mb reset-last-child wd-title-color-primary wd-title-style-default wd-title-size-large text-left\">\n\n\t\t\t\n\t\t\t<div class=\"liner-continer\">\n\t\t\t\t<h4 class=\"woodmart-title-container title wd-fontsize-xxl\">Nos valeurs<\/h4> \n\t\t\t\t\t\t\t<\/div>\n\n\t\t\t\t\t<\/div>\n\t\t\t\t\t\t<\/div>\n\t\t\t\t<\/div>\n\t\t\t\t<div class=\"elementor-element elementor-element-4390cc5 elementor-widget elementor-widget-wd_list\" data-id=\"4390cc5\" data-element_type=\"widget\" data-e-type=\"widget\" data-widget_type=\"wd_list.default\">\n\t\t\t\t<div class=\"elementor-widget-container\">\n\t\t\t\t\t\t\t<ul class=\"wd-list color-scheme-custom wd-fontsize-xs wd-type-icon wd-style-default text-left\">\n\t\t\t\t\t\t\t\t\t\t\t<li class=\"elementor-repeater-item-8d34228\">\n\t\t\t\t\t\t\t\t\t\t\t<span class=\"wd-icon\"><svg class=\"e-font-icon-svg e-fas-check-circle\" viewBox=\"0 0 512 512\" xmlns=\"http:\/\/www.w3.org\/2000\/svg\"><path d=\"M504 256c0 136.967-111.033 248-248 248S8 392.967 8 256 119.033 8 256 8s248 111.033 248 248zM227.314 387.314l184-184c6.248-6.248 6.248-16.379 0-22.627l-22.627-22.627c-6.248-6.249-16.379-6.249-22.628 0L216 308.118l-70.059-70.059c-6.248-6.248-16.379-6.248-22.628 0l-22.627 22.627c-6.248 6.248-6.248 16.379 0 22.627l104 104c6.249 6.249 16.379 6.249 22.628.001z\"><\/path><\/svg><\/span>\t\t\t\t\t\n\t\t\t\t\t<span class=\"wd-list-content list-content\">\n\t\t\t\t\t\t\t\t\t\t\t\t\tApprentissage orient\u00e9 vers la pratique\t\t\t\t\t\t\t\t\t\t\t<\/span>\n\t\t\t\t<\/li>\n\t\t\t\t\t\t\t\t\t\t\t<li class=\"elementor-repeater-item-0d760f9\">\n\t\t\t\t\t\t\t\t\t\t\t<span class=\"wd-icon\"><svg class=\"e-font-icon-svg e-fas-check-circle\" viewBox=\"0 0 512 512\" xmlns=\"http:\/\/www.w3.org\/2000\/svg\"><path d=\"M504 256c0 136.967-111.033 248-248 248S8 392.967 8 256 119.033 8 256 8s248 111.033 248 248zM227.314 387.314l184-184c6.248-6.248 6.248-16.379 0-22.627l-22.627-22.627c-6.248-6.249-16.379-6.249-22.628 0L216 308.118l-70.059-70.059c-6.248-6.248-16.379-6.248-22.628 0l-22.627 22.627c-6.248 6.248-6.248 16.379 0 22.627l104 104c6.249 6.249 16.379 6.249 22.628.001z\"><\/path><\/svg><\/span>\t\t\t\t\t\n\t\t\t\t\t<span class=\"wd-list-content list-content\">\n\t\t\t\t\t\t\t\t\t\t\t\t\tConnaissances \u00e0 jour, compl\u00e8tes et pertinentes pour l\u2019industrie\t\t\t\t\t\t\t\t\t\t\t<\/span>\n\t\t\t\t<\/li>\n\t\t\t\t\t<\/ul>\n\n\t\t\t\t\t\t<\/div>\n\t\t\t\t<\/div>\n\t\t\t\t<div class=\"elementor-element elementor-element-5f9eedd elementor-widget elementor-widget-wd_list\" data-id=\"5f9eedd\" data-element_type=\"widget\" data-e-type=\"widget\" data-widget_type=\"wd_list.default\">\n\t\t\t\t<div class=\"elementor-widget-container\">\n\t\t\t\t\t\t\t<ul class=\"wd-list color-scheme-custom wd-fontsize-xs wd-type-icon wd-style-default text-left\">\n\t\t\t\t\t\t\t\t\t\t\t<li class=\"elementor-repeater-item-8d34228\">\n\t\t\t\t\t\t\t\t\t\t\t<span class=\"wd-icon\"><svg class=\"e-font-icon-svg e-fas-check-circle\" viewBox=\"0 0 512 512\" xmlns=\"http:\/\/www.w3.org\/2000\/svg\"><path d=\"M504 256c0 136.967-111.033 248-248 248S8 392.967 8 256 119.033 8 256 8s248 111.033 248 248zM227.314 387.314l184-184c6.248-6.248 6.248-16.379 0-22.627l-22.627-22.627c-6.248-6.249-16.379-6.249-22.628 0L216 308.118l-70.059-70.059c-6.248-6.248-16.379-6.248-22.628 0l-22.627 22.627c-6.248 6.248-6.248 16.379 0 22.627l104 104c6.249 6.249 16.379 6.249 22.628.001z\"><\/path><\/svg><\/span>\t\t\t\t\t\n\t\t\t\t\t<span class=\"wd-list-content list-content\">\n\t\t\t\t\t\t\t\t\t\t\t\t\tCours dirig\u00e9s par des professionnels actifs\t\t\t\t\t\t\t\t\t\t\t<\/span>\n\t\t\t\t<\/li>\n\t\t\t\t\t\t\t\t\t\t\t<li class=\"elementor-repeater-item-0d760f9\">\n\t\t\t\t\t\t\t\t\t\t\t<span class=\"wd-icon\"><svg class=\"e-font-icon-svg e-fas-check-circle\" viewBox=\"0 0 512 512\" xmlns=\"http:\/\/www.w3.org\/2000\/svg\"><path d=\"M504 256c0 136.967-111.033 248-248 248S8 392.967 8 256 119.033 8 256 8s248 111.033 248 248zM227.314 387.314l184-184c6.248-6.248 6.248-16.379 0-22.627l-22.627-22.627c-6.248-6.249-16.379-6.249-22.628 0L216 308.118l-70.059-70.059c-6.248-6.248-16.379-6.248-22.628 0l-22.627 22.627c-6.248 6.248-6.248 16.379 0 22.627l104 104c6.249 6.249 16.379 6.249 22.628.001z\"><\/path><\/svg><\/span>\t\t\t\t\t\n\t\t\t\t\t<span class=\"wd-list-content list-content\">\n\t\t\t\t\t\t\t\t\t\t\t\t\tQualit\u00e9, pr\u00e9cision et responsabilit\u00e9 \u00e9ducative\t\t\t\t\t\t\t\t\t\t\t<\/span>\n\t\t\t\t<\/li>\n\t\t\t\t\t<\/ul>\n\n\t\t\t\t\t\t<\/div>\n\t\t\t\t<\/div>\n\t\t\t\t<\/div>\n\t\t\t\t\t<\/div>\n\t\t\t\t<\/div>\n\t\t\t\t<\/div>\n\t\t","protected":false},"excerpt":{"rendered":"<p>\u00c0 propos d\u2019IGF \u00c0 propos d\u2019IGFIGF (Institut de G\u00e9nie Formation) est un institut de formation professionnelle sp\u00e9cialis\u00e9 en ing\u00e9nierie et<\/p>\n","protected":false},"author":1,"featured_media":0,"parent":0,"menu_order":0,"comment_status":"closed","ping_status":"closed","template":"","meta":{"_acf_changed":false,"footnotes":""},"class_list":["post-30577","page","type-page","status-publish","hentry"],"acf":[],"yoast_head":"<!-- This site is optimized with the Yoast SEO plugin v27.3 - https:\/\/yoast.com\/product\/yoast-seo-wordpress\/ -->\n<title>\u00c0 Propos d\u2019IGF - IGF<\/title>\n<meta name=\"robots\" content=\"index, follow, max-snippet:-1, max-image-preview:large, max-video-preview:-1\" \/>\n<link rel=\"canonical\" href=\"https:\/\/igf-formation.ca\/fr\/about\/\" \/>\n<meta property=\"og:locale\" content=\"fr_FR\" \/>\n<meta property=\"og:type\" content=\"article\" \/>\n<meta property=\"og:title\" content=\"\u00c0 Propos d\u2019IGF - IGF\" \/>\n<meta property=\"og:description\" content=\"\u00c0 propos d\u2019IGF \u00c0 propos d\u2019IGFIGF (Institut de G\u00e9nie Formation) est un institut de formation professionnelle sp\u00e9cialis\u00e9 en ing\u00e9nierie et\" \/>\n<meta property=\"og:url\" content=\"https:\/\/igf-formation.ca\/fr\/about\/\" \/>\n<meta property=\"og:site_name\" content=\"IGF\" \/>\n<meta property=\"article:modified_time\" content=\"2026-04-22T19:32:03+00:00\" \/>\n<meta property=\"og:image\" content=\"https:\/\/igf-formation.ca\/wp-content\/uploads\/2025\/11\/about-us.webp\" \/>\n\t<meta property=\"og:image:width\" content=\"1000\" \/>\n\t<meta property=\"og:image:height\" content=\"862\" \/>\n\t<meta property=\"og:image:type\" content=\"image\/webp\" \/>\n<meta name=\"twitter:card\" content=\"summary_large_image\" \/>\n<script type=\"application\/ld+json\" class=\"yoast-schema-graph\">{\"@context\":\"https:\\\/\\\/schema.org\",\"@graph\":[{\"@type\":\"WebPage\",\"@id\":\"https:\\\/\\\/igf-formation.ca\\\/fr\\\/about\\\/\",\"url\":\"https:\\\/\\\/igf-formation.ca\\\/fr\\\/about\\\/\",\"name\":\"\u00c0 Propos d\u2019IGF - IGF\",\"isPartOf\":{\"@id\":\"https:\\\/\\\/igf-formation.ca\\\/fr\\\/#website\"},\"primaryImageOfPage\":{\"@id\":\"https:\\\/\\\/igf-formation.ca\\\/fr\\\/about\\\/#primaryimage\"},\"image\":{\"@id\":\"https:\\\/\\\/igf-formation.ca\\\/fr\\\/about\\\/#primaryimage\"},\"thumbnailUrl\":\"https:\\\/\\\/igf-formation.ca\\\/wp-content\\\/uploads\\\/2025\\\/11\\\/about-us.webp\",\"datePublished\":\"2021-10-12T15:51:09+00:00\",\"dateModified\":\"2026-04-22T19:32:03+00:00\",\"breadcrumb\":{\"@id\":\"https:\\\/\\\/igf-formation.ca\\\/fr\\\/about\\\/#breadcrumb\"},\"inLanguage\":\"fr-FR\",\"potentialAction\":[{\"@type\":\"ReadAction\",\"target\":[\"https:\\\/\\\/igf-formation.ca\\\/fr\\\/about\\\/\"]}]},{\"@type\":\"ImageObject\",\"inLanguage\":\"fr-FR\",\"@id\":\"https:\\\/\\\/igf-formation.ca\\\/fr\\\/about\\\/#primaryimage\",\"url\":\"https:\\\/\\\/igf-formation.ca\\\/wp-content\\\/uploads\\\/2025\\\/11\\\/about-us.webp\",\"contentUrl\":\"https:\\\/\\\/igf-formation.ca\\\/wp-content\\\/uploads\\\/2025\\\/11\\\/about-us.webp\"},{\"@type\":\"BreadcrumbList\",\"@id\":\"https:\\\/\\\/igf-formation.ca\\\/fr\\\/about\\\/#breadcrumb\",\"itemListElement\":[{\"@type\":\"ListItem\",\"position\":1,\"name\":\"Home\",\"item\":\"https:\\\/\\\/igf-formation.ca\\\/fr\\\/\"},{\"@type\":\"ListItem\",\"position\":2,\"name\":\"\u00c0 Propos d\u2019IGF\"}]},{\"@type\":\"WebSite\",\"@id\":\"https:\\\/\\\/igf-formation.ca\\\/fr\\\/#website\",\"url\":\"https:\\\/\\\/igf-formation.ca\\\/fr\\\/\",\"name\":\"IGF\",\"description\":\"\",\"potentialAction\":[{\"@type\":\"SearchAction\",\"target\":{\"@type\":\"EntryPoint\",\"urlTemplate\":\"https:\\\/\\\/igf-formation.ca\\\/fr\\\/?s={search_term_string}\"},\"query-input\":{\"@type\":\"PropertyValueSpecification\",\"valueRequired\":true,\"valueName\":\"search_term_string\"}}],\"inLanguage\":\"fr-FR\"}]}<\/script>\n<!-- \/ Yoast SEO plugin. -->","yoast_head_json":{"title":"\u00c0 Propos d\u2019IGF - IGF","robots":{"index":"index","follow":"follow","max-snippet":"max-snippet:-1","max-image-preview":"max-image-preview:large","max-video-preview":"max-video-preview:-1"},"canonical":"https:\/\/igf-formation.ca\/fr\/about\/","og_locale":"fr_FR","og_type":"article","og_title":"\u00c0 Propos d\u2019IGF - IGF","og_description":"\u00c0 propos d\u2019IGF \u00c0 propos d\u2019IGFIGF (Institut de G\u00e9nie Formation) est un institut de formation professionnelle sp\u00e9cialis\u00e9 en ing\u00e9nierie et","og_url":"https:\/\/igf-formation.ca\/fr\/about\/","og_site_name":"IGF","article_modified_time":"2026-04-22T19:32:03+00:00","og_image":[{"width":1000,"height":862,"url":"https:\/\/igf-formation.ca\/wp-content\/uploads\/2025\/11\/about-us.webp","type":"image\/webp"}],"twitter_card":"summary_large_image","schema":{"@context":"https:\/\/schema.org","@graph":[{"@type":"WebPage","@id":"https:\/\/igf-formation.ca\/fr\/about\/","url":"https:\/\/igf-formation.ca\/fr\/about\/","name":"\u00c0 Propos d\u2019IGF - IGF","isPartOf":{"@id":"https:\/\/igf-formation.ca\/fr\/#website"},"primaryImageOfPage":{"@id":"https:\/\/igf-formation.ca\/fr\/about\/#primaryimage"},"image":{"@id":"https:\/\/igf-formation.ca\/fr\/about\/#primaryimage"},"thumbnailUrl":"https:\/\/igf-formation.ca\/wp-content\/uploads\/2025\/11\/about-us.webp","datePublished":"2021-10-12T15:51:09+00:00","dateModified":"2026-04-22T19:32:03+00:00","breadcrumb":{"@id":"https:\/\/igf-formation.ca\/fr\/about\/#breadcrumb"},"inLanguage":"fr-FR","potentialAction":[{"@type":"ReadAction","target":["https:\/\/igf-formation.ca\/fr\/about\/"]}]},{"@type":"ImageObject","inLanguage":"fr-FR","@id":"https:\/\/igf-formation.ca\/fr\/about\/#primaryimage","url":"https:\/\/igf-formation.ca\/wp-content\/uploads\/2025\/11\/about-us.webp","contentUrl":"https:\/\/igf-formation.ca\/wp-content\/uploads\/2025\/11\/about-us.webp"},{"@type":"BreadcrumbList","@id":"https:\/\/igf-formation.ca\/fr\/about\/#breadcrumb","itemListElement":[{"@type":"ListItem","position":1,"name":"Home","item":"https:\/\/igf-formation.ca\/fr\/"},{"@type":"ListItem","position":2,"name":"\u00c0 Propos d\u2019IGF"}]},{"@type":"WebSite","@id":"https:\/\/igf-formation.ca\/fr\/#website","url":"https:\/\/igf-formation.ca\/fr\/","name":"IGF","description":"","potentialAction":[{"@type":"SearchAction","target":{"@type":"EntryPoint","urlTemplate":"https:\/\/igf-formation.ca\/fr\/?s={search_term_string}"},"query-input":{"@type":"PropertyValueSpecification","valueRequired":true,"valueName":"search_term_string"}}],"inLanguage":"fr-FR"}]}},"_links":{"self":[{"href":"https:\/\/igf-formation.ca\/fr\/wp-json\/wp\/v2\/pages\/30577","targetHints":{"allow":["GET"]}}],"collection":[{"href":"https:\/\/igf-formation.ca\/fr\/wp-json\/wp\/v2\/pages"}],"about":[{"href":"https:\/\/igf-formation.ca\/fr\/wp-json\/wp\/v2\/types\/page"}],"author":[{"embeddable":true,"href":"https:\/\/igf-formation.ca\/fr\/wp-json\/wp\/v2\/users\/1"}],"replies":[{"embeddable":true,"href":"https:\/\/igf-formation.ca\/fr\/wp-json\/wp\/v2\/comments?post=30577"}],"version-history":[{"count":20,"href":"https:\/\/igf-formation.ca\/fr\/wp-json\/wp\/v2\/pages\/30577\/revisions"}],"predecessor-version":[{"id":31307,"href":"https:\/\/igf-formation.ca\/fr\/wp-json\/wp\/v2\/pages\/30577\/revisions\/31307"}],"wp:attachment":[{"href":"https:\/\/igf-formation.ca\/fr\/wp-json\/wp\/v2\/media?parent=30577"}],"curies":[{"name":"wp","href":"https:\/\/api.w.org\/{rel}","templated":true}]}}